{"id":2102,"date":"2022-07-26T13:25:37","date_gmt":"2022-07-26T13:25:37","guid":{"rendered":"https:\/\/jesuispirate.com\/el-listado-de-sitios\/"},"modified":"2023-03-24T18:13:59","modified_gmt":"2023-03-24T18:13:59","slug":"el-listado-de-sitios","status":"publish","type":"page","link":"https:\/\/jesuispirate.com\/es\/el-listado-de-sitios\/","title":{"rendered":"El listado de sitios"},"content":{"rendered":"\n<p>Descubra todas nuestras gu\u00edas y consejos.<\/p>\n\n<h2 class=\"wp-block-heading\">Nuestras comparaciones y opiniones<\/h2>\n\n<ul class=\"wp-block-list\"><li><a href=\"https:\/\/jesuispirate.com\/es\/los-6-mejores-programas-aplicaciones-espia-para-telefonos-moviles\/\">Mejor software para espiar tel\u00e9fonos<\/a><\/li><\/ul>\n\n<h2 class=\"wp-block-heading\">Nuestros gu\u00edas de sombrero negro<\/h2>\n\n<ul class=\"wp-block-list\"><li><a href=\"https:\/\/jesuispirate.com\/es\/como-piratear-una-cuenta-de-facebook\/\">Hackear una cuenta de Facebook<\/a><\/li><li><a href=\"https:\/\/jesuispirate.com\/es\/como-piratear-una-cuenta-de-messenger\/\">Hackear una cuenta de Messenger<\/a><\/li><li><a href=\"https:\/\/jesuispirate.com\/es\/como-hackear-una-cuenta-de-instagram\/\">Hackear una cuenta de Instagram<\/a><\/li><li><a href=\"https:\/\/jesuispirate.com\/es\/como-piratear-una-cuenta-de-tiktok\/\">Hackear una cuenta de TikTok<\/a><\/li><li><a href=\"https:\/\/jesuispirate.com\/es\/como-hackear-una-cuenta-de-snapchat\/\">Hackear una cuenta de Snapchat<\/a><\/li><li><a href=\"https:\/\/jesuispirate.com\/es\/como-piratear-una-cuenta-de-whatsapp\/\">Hackear una cuenta de WhatsApp<\/a><\/li><li><a href=\"https:\/\/jesuispirate.com\/es\/como-piratear-un-iphone\/\">Hackear un iPhone<\/a><\/li><li><a href=\"https:\/\/jesuispirate.com\/es\/como-piratear-un-telefono\/\">Hackear un tel\u00e9fono<\/a><\/li><\/ul>\n\n<h2 class=\"wp-block-heading\">Nuestros consejos de seguridad<\/h2>\n<ul class=\"wp-block-latest-posts__list wp-block-latest-posts\"><li><a class=\"wp-block-latest-posts__post-title\" href=\"https:\/\/jesuispirate.com\/es\/phishing-una-amenaza-creciente-para-los-internautas\/\">Phishing, una amenaza creciente para los internautas<\/a><\/li>\n<\/ul>\n\n<div class=\"kk-star-ratings kksr-auto kksr-align-center kksr-valign-bottom\"\n    data-payload='{&quot;align&quot;:&quot;center&quot;,&quot;id&quot;:&quot;2102&quot;,&quot;slug&quot;:&quot;default&quot;,&quot;valign&quot;:&quot;bottom&quot;,&quot;ignore&quot;:&quot;&quot;,&quot;reference&quot;:&quot;auto&quot;,&quot;class&quot;:&quot;&quot;,&quot;count&quot;:&quot;0&quot;,&quot;legendonly&quot;:&quot;&quot;,&quot;readonly&quot;:&quot;&quot;,&quot;score&quot;:&quot;0&quot;,&quot;starsonly&quot;:&quot;&quot;,&quot;best&quot;:&quot;5&quot;,&quot;gap&quot;:&quot;2&quot;,&quot;greet&quot;:&quot;Note moyenne page&quot;,&quot;legend&quot;:&quot;0\\\/5 - (0 votos)&quot;,&quot;size&quot;:&quot;24&quot;,&quot;title&quot;:&quot;El listado de sitios&quot;,&quot;width&quot;:&quot;0&quot;,&quot;_legend&quot;:&quot;{score}\\\/{best} - ({count} {votes})&quot;,&quot;font_factor&quot;:&quot;1.25&quot;}'>\n            \n<div class=\"kksr-stars\">\n    \n<div class=\"kksr-stars-inactive\">\n            <div class=\"kksr-star\" data-star=\"1\" style=\"padding-right: 2px\">\n            \n\n<div class=\"kksr-icon\" style=\"width: 24px; height: 24px;\"><\/div>\n        <\/div>\n            <div class=\"kksr-star\" data-star=\"2\" style=\"padding-right: 2px\">\n            \n\n<div class=\"kksr-icon\" style=\"width: 24px; height: 24px;\"><\/div>\n        <\/div>\n            <div class=\"kksr-star\" data-star=\"3\" style=\"padding-right: 2px\">\n            \n\n<div class=\"kksr-icon\" style=\"width: 24px; height: 24px;\"><\/div>\n        <\/div>\n            <div class=\"kksr-star\" data-star=\"4\" style=\"padding-right: 2px\">\n            \n\n<div class=\"kksr-icon\" style=\"width: 24px; height: 24px;\"><\/div>\n        <\/div>\n            <div class=\"kksr-star\" data-star=\"5\" style=\"padding-right: 2px\">\n            \n\n<div class=\"kksr-icon\" style=\"width: 24px; height: 24px;\"><\/div>\n        <\/div>\n    <\/div>\n    \n<div class=\"kksr-stars-active\" style=\"width: 0px;\">\n            <div class=\"kksr-star\" style=\"padding-right: 2px\">\n            \n\n<div class=\"kksr-icon\" style=\"width: 24px; height: 24px;\"><\/div>\n        <\/div>\n            <div class=\"kksr-star\" style=\"padding-right: 2px\">\n            \n\n<div class=\"kksr-icon\" style=\"width: 24px; height: 24px;\"><\/div>\n        <\/div>\n            <div class=\"kksr-star\" style=\"padding-right: 2px\">\n            \n\n<div class=\"kksr-icon\" style=\"width: 24px; height: 24px;\"><\/div>\n        <\/div>\n            <div class=\"kksr-star\" style=\"padding-right: 2px\">\n            \n\n<div class=\"kksr-icon\" style=\"width: 24px; height: 24px;\"><\/div>\n        <\/div>\n            <div class=\"kksr-star\" style=\"padding-right: 2px\">\n            \n\n<div class=\"kksr-icon\" style=\"width: 24px; height: 24px;\"><\/div>\n        <\/div>\n    <\/div>\n<\/div>\n                \n\n<div class=\"kksr-legend\" style=\"font-size: 19.2px;\">\n            <span class=\"kksr-muted\">Note moyenne page<\/span>\n    <\/div>\n    <\/div>\n","protected":false},"excerpt":{"rendered":"<p>Descubra todas nuestras gu\u00edas y consejos. Nuestras comparaciones y opiniones Mejor software para espiar tel\u00e9fonos Nuestros gu\u00edas de sombrero negro Hackear una cuenta de Facebook Hackear una cuenta de Messenger Hackear una cuenta de Instagram Hackear una cuenta de TikTok Hackear una cuenta de Snapchat Hackear una cuenta de WhatsApp Hackear un iPhone Hackear un [&hellip;]<\/p>\n","protected":false},"author":1,"featured_media":0,"parent":0,"menu_order":0,"comment_status":"closed","ping_status":"closed","template":"","meta":{"site-sidebar-layout":"default","site-content-layout":"","ast-site-content-layout":"default","site-content-style":"default","site-sidebar-style":"default","ast-global-header-display":"","ast-banner-title-visibility":"","ast-main-header-display":"","ast-hfb-above-header-display":"","ast-hfb-below-header-display":"","ast-hfb-mobile-header-display":"","site-post-title":"","ast-breadcrumbs-content":"","ast-featured-img":"","footer-sml-layout":"","ast-disable-related-posts":"","theme-transparent-header-meta":"","adv-header-id-meta":"","stick-header-meta":"","header-above-stick-meta":"","header-main-stick-meta":"","header-below-stick-meta":"","astra-migrate-meta-layouts":"default","ast-page-background-enabled":"default","ast-page-background-meta":{"desktop":{"background-color":"var(--ast-global-color-4)","background-image":"","background-repeat":"repeat","background-position":"center center","background-size":"auto","background-attachment":"scroll","background-type":"","background-media":"","overlay-type":"","overlay-color":"","overlay-opacity":"","overlay-gradient":""},"tablet":{"background-color":"","background-image":"","background-repeat":"repeat","background-position":"center center","background-size":"auto","background-attachment":"scroll","background-type":"","background-media":"","overlay-type":"","overlay-color":"","overlay-opacity":"","overlay-gradient":""},"mobile":{"background-color":"","background-image":"","background-repeat":"repeat","background-position":"center center","background-size":"auto","background-attachment":"scroll","background-type":"","background-media":"","overlay-type":"","overlay-color":"","overlay-opacity":"","overlay-gradient":""}},"ast-content-background-meta":{"desktop":{"background-color":"var(--ast-global-color-5)","background-image":"","background-repeat":"repeat","background-position":"center center","background-size":"auto","background-attachment":"scroll","background-type":"","background-media":"","overlay-type":"","overlay-color":"","overlay-opacity":"","overlay-gradient":""},"tablet":{"background-color":"var(--ast-global-color-5)","background-image":"","background-repeat":"repeat","background-position":"center center","background-size":"auto","background-attachment":"scroll","background-type":"","background-media":"","overlay-type":"","overlay-color":"","overlay-opacity":"","overlay-gradient":""},"mobile":{"background-color":"var(--ast-global-color-5)","background-image":"","background-repeat":"repeat","background-position":"center center","background-size":"auto","background-attachment":"scroll","background-type":"","background-media":"","overlay-type":"","overlay-color":"","overlay-opacity":"","overlay-gradient":""}},"footnotes":""},"class_list":["post-2102","page","type-page","status-publish","hentry"],"yoast_head":"<!-- This site is optimized with the Yoast SEO plugin v27.5 - https:\/\/yoast.com\/product\/yoast-seo-wordpress\/ -->\n<title>El listado de sitios - Jesuispirate<\/title>\n<meta name=\"robots\" content=\"index, follow, max-snippet:-1, max-image-preview:large, max-video-preview:-1\" \/>\n<link rel=\"canonical\" href=\"https:\/\/jesuispirate.com\/es\/el-listado-de-sitios\/\" \/>\n<meta property=\"og:locale\" content=\"es_ES\" \/>\n<meta property=\"og:type\" content=\"article\" \/>\n<meta property=\"og:title\" content=\"El listado de sitios - Jesuispirate\" \/>\n<meta property=\"og:description\" content=\"Descubra todas nuestras gu\u00edas y consejos. Nuestras comparaciones y opiniones Mejor software para espiar tel\u00e9fonos Nuestros gu\u00edas de sombrero negro Hackear una cuenta de Facebook Hackear una cuenta de Messenger Hackear una cuenta de Instagram Hackear una cuenta de TikTok Hackear una cuenta de Snapchat Hackear una cuenta de WhatsApp Hackear un iPhone Hackear un [&hellip;]\" \/>\n<meta property=\"og:url\" content=\"https:\/\/jesuispirate.com\/es\/el-listado-de-sitios\/\" \/>\n<meta property=\"og:site_name\" content=\"Jesuispirate\" \/>\n<meta property=\"article:modified_time\" content=\"2023-03-24T18:13:59+00:00\" \/>\n<meta name=\"twitter:card\" content=\"summary_large_image\" \/>\n<script type=\"application\/ld+json\" class=\"yoast-schema-graph\">{\"@context\":\"https:\\\/\\\/schema.org\",\"@graph\":[{\"@type\":\"WebPage\",\"@id\":\"https:\\\/\\\/jesuispirate.com\\\/es\\\/el-listado-de-sitios\\\/\",\"url\":\"https:\\\/\\\/jesuispirate.com\\\/es\\\/el-listado-de-sitios\\\/\",\"name\":\"El listado de sitios - Jesuispirate\",\"isPartOf\":{\"@id\":\"https:\\\/\\\/jesuispirate.com\\\/es\\\/#website\"},\"datePublished\":\"2022-07-26T13:25:37+00:00\",\"dateModified\":\"2023-03-24T18:13:59+00:00\",\"breadcrumb\":{\"@id\":\"https:\\\/\\\/jesuispirate.com\\\/es\\\/el-listado-de-sitios\\\/#breadcrumb\"},\"inLanguage\":\"es\",\"potentialAction\":[{\"@type\":\"ReadAction\",\"target\":[\"https:\\\/\\\/jesuispirate.com\\\/es\\\/el-listado-de-sitios\\\/\"]}]},{\"@type\":\"BreadcrumbList\",\"@id\":\"https:\\\/\\\/jesuispirate.com\\\/es\\\/el-listado-de-sitios\\\/#breadcrumb\",\"itemListElement\":[{\"@type\":\"ListItem\",\"position\":1,\"name\":\"Accueil\",\"item\":\"https:\\\/\\\/jesuispirate.com\\\/es\\\/seguridad-hacking-software-tutoriales\\\/\"},{\"@type\":\"ListItem\",\"position\":2,\"name\":\"El listado de sitios\"}]},{\"@type\":\"WebSite\",\"@id\":\"https:\\\/\\\/jesuispirate.com\\\/es\\\/#website\",\"url\":\"https:\\\/\\\/jesuispirate.com\\\/es\\\/\",\"name\":\"Jesuispirate\",\"description\":\"\",\"publisher\":{\"@id\":\"https:\\\/\\\/jesuispirate.com\\\/es\\\/#organization\"},\"potentialAction\":[{\"@type\":\"SearchAction\",\"target\":{\"@type\":\"EntryPoint\",\"urlTemplate\":\"https:\\\/\\\/jesuispirate.com\\\/es\\\/?s={search_term_string}\"},\"query-input\":{\"@type\":\"PropertyValueSpecification\",\"valueRequired\":true,\"valueName\":\"search_term_string\"}}],\"inLanguage\":\"es\"},{\"@type\":\"Organization\",\"@id\":\"https:\\\/\\\/jesuispirate.com\\\/es\\\/#organization\",\"name\":\"Jesuispirate\",\"url\":\"https:\\\/\\\/jesuispirate.com\\\/es\\\/\",\"logo\":{\"@type\":\"ImageObject\",\"inLanguage\":\"es\",\"@id\":\"https:\\\/\\\/jesuispirate.com\\\/es\\\/#\\\/schema\\\/logo\\\/image\\\/\",\"url\":\"https:\\\/\\\/jesuispirate.com\\\/wp-content\\\/uploads\\\/2022\\\/07\\\/je-suis-pirate-Logo.png\",\"contentUrl\":\"https:\\\/\\\/jesuispirate.com\\\/wp-content\\\/uploads\\\/2022\\\/07\\\/je-suis-pirate-Logo.png\",\"width\":500,\"height\":341,\"caption\":\"Jesuispirate\"},\"image\":{\"@id\":\"https:\\\/\\\/jesuispirate.com\\\/es\\\/#\\\/schema\\\/logo\\\/image\\\/\"}}]}<\/script>\n<!-- \/ Yoast SEO plugin. -->","yoast_head_json":{"title":"El listado de sitios - Jesuispirate","robots":{"index":"index","follow":"follow","max-snippet":"max-snippet:-1","max-image-preview":"max-image-preview:large","max-video-preview":"max-video-preview:-1"},"canonical":"https:\/\/jesuispirate.com\/es\/el-listado-de-sitios\/","og_locale":"es_ES","og_type":"article","og_title":"El listado de sitios - Jesuispirate","og_description":"Descubra todas nuestras gu\u00edas y consejos. Nuestras comparaciones y opiniones Mejor software para espiar tel\u00e9fonos Nuestros gu\u00edas de sombrero negro Hackear una cuenta de Facebook Hackear una cuenta de Messenger Hackear una cuenta de Instagram Hackear una cuenta de TikTok Hackear una cuenta de Snapchat Hackear una cuenta de WhatsApp Hackear un iPhone Hackear un [&hellip;]","og_url":"https:\/\/jesuispirate.com\/es\/el-listado-de-sitios\/","og_site_name":"Jesuispirate","article_modified_time":"2023-03-24T18:13:59+00:00","twitter_card":"summary_large_image","schema":{"@context":"https:\/\/schema.org","@graph":[{"@type":"WebPage","@id":"https:\/\/jesuispirate.com\/es\/el-listado-de-sitios\/","url":"https:\/\/jesuispirate.com\/es\/el-listado-de-sitios\/","name":"El listado de sitios - Jesuispirate","isPartOf":{"@id":"https:\/\/jesuispirate.com\/es\/#website"},"datePublished":"2022-07-26T13:25:37+00:00","dateModified":"2023-03-24T18:13:59+00:00","breadcrumb":{"@id":"https:\/\/jesuispirate.com\/es\/el-listado-de-sitios\/#breadcrumb"},"inLanguage":"es","potentialAction":[{"@type":"ReadAction","target":["https:\/\/jesuispirate.com\/es\/el-listado-de-sitios\/"]}]},{"@type":"BreadcrumbList","@id":"https:\/\/jesuispirate.com\/es\/el-listado-de-sitios\/#breadcrumb","itemListElement":[{"@type":"ListItem","position":1,"name":"Accueil","item":"https:\/\/jesuispirate.com\/es\/seguridad-hacking-software-tutoriales\/"},{"@type":"ListItem","position":2,"name":"El listado de sitios"}]},{"@type":"WebSite","@id":"https:\/\/jesuispirate.com\/es\/#website","url":"https:\/\/jesuispirate.com\/es\/","name":"Jesuispirate","description":"","publisher":{"@id":"https:\/\/jesuispirate.com\/es\/#organization"},"potentialAction":[{"@type":"SearchAction","target":{"@type":"EntryPoint","urlTemplate":"https:\/\/jesuispirate.com\/es\/?s={search_term_string}"},"query-input":{"@type":"PropertyValueSpecification","valueRequired":true,"valueName":"search_term_string"}}],"inLanguage":"es"},{"@type":"Organization","@id":"https:\/\/jesuispirate.com\/es\/#organization","name":"Jesuispirate","url":"https:\/\/jesuispirate.com\/es\/","logo":{"@type":"ImageObject","inLanguage":"es","@id":"https:\/\/jesuispirate.com\/es\/#\/schema\/logo\/image\/","url":"https:\/\/jesuispirate.com\/wp-content\/uploads\/2022\/07\/je-suis-pirate-Logo.png","contentUrl":"https:\/\/jesuispirate.com\/wp-content\/uploads\/2022\/07\/je-suis-pirate-Logo.png","width":500,"height":341,"caption":"Jesuispirate"},"image":{"@id":"https:\/\/jesuispirate.com\/es\/#\/schema\/logo\/image\/"}}]}},"_links":{"self":[{"href":"https:\/\/jesuispirate.com\/es\/wp-json\/wp\/v2\/pages\/2102","targetHints":{"allow":["GET"]}}],"collection":[{"href":"https:\/\/jesuispirate.com\/es\/wp-json\/wp\/v2\/pages"}],"about":[{"href":"https:\/\/jesuispirate.com\/es\/wp-json\/wp\/v2\/types\/page"}],"author":[{"embeddable":true,"href":"https:\/\/jesuispirate.com\/es\/wp-json\/wp\/v2\/users\/1"}],"replies":[{"embeddable":true,"href":"https:\/\/jesuispirate.com\/es\/wp-json\/wp\/v2\/comments?post=2102"}],"version-history":[{"count":1,"href":"https:\/\/jesuispirate.com\/es\/wp-json\/wp\/v2\/pages\/2102\/revisions"}],"predecessor-version":[{"id":2104,"href":"https:\/\/jesuispirate.com\/es\/wp-json\/wp\/v2\/pages\/2102\/revisions\/2104"}],"wp:attachment":[{"href":"https:\/\/jesuispirate.com\/es\/wp-json\/wp\/v2\/media?parent=2102"}],"curies":[{"name":"wp","href":"https:\/\/api.w.org\/{rel}","templated":true}]}}